{"id":76,"date":"2019-01-14T20:29:46","date_gmt":"2019-01-14T18:29:46","guid":{"rendered":"http:\/\/localhost\/wordpress\/?page_id=76"},"modified":"2019-03-14T21:28:02","modified_gmt":"2019-03-14T19:28:02","slug":"inici","status":"publish","type":"page","link":"https:\/\/tutorial.bernatcortina.cat\/","title":{"rendered":"INICI"},"content":{"rendered":"<h1>Fonaments d&#8217;HTML i full d&#8217;estils<\/h1>\n<p style=\"text-align: justify;\"><strong>Aqu\u00ed trobar\u00e0s una s\u00e8rie de recursos per introduir-te a l&#8217;HTML i el CSS.<\/strong><\/p>\n<p style=\"text-align: justify;\">Apr\u00e8n com utilitzar HTML i CSS per fer p\u00e0gines web. HTML \u00e9s el llenguatge de marcat amb el qual envoltes contingut, per dir-li als navegadors sobre les cap\u00e7aleres, llistes, taules, etc. CSS \u00e9s el llenguatge de full d&#8217;estils amb el qual estableixes estil a la p\u00e0gina, per dir-li als navegadors que canvi\u00efn el color, font, disseny i molt m\u00e9s.<\/p>\n<p><img loading=\"lazy\" decoding=\"async\" class=\"aligncenter size-medium wp-image-105\" src=\"http:\/\/tutorial.bernatcortina.cat\/wp-content\/uploads\/2019\/01\/html_css_logo-1-300x146.jpg\" alt=\"\" width=\"300\" height=\"146\" \/><\/p>\n<h5>HTML &amp; CSS<\/h5>\n<ul id=\"menu-menu-principal\" class=\"menu\"><li id=\"menu-item-313\" class=\"menu-item menu-item-type-post_type menu-item-object-page menu-item-home menu-item-313\"><a href=\"https:\/\/tutorial.bernatcortina.cat\/\">INICI<\/a><\/li>\n<li id=\"menu-item-341\" class=\"menu-item menu-item-type-post_type menu-item-object-page menu-item-has-children menu-item-341\"><a href=\"https:\/\/tutorial.bernatcortina.cat\/index.php\/html\/introduccio\/\">HTML<\/a>\n<ul class=\"sub-menu\">\n\t<li id=\"menu-item-340\" class=\"menu-item menu-item-type-post_type menu-item-object-page menu-item-340\"><a href=\"https:\/\/tutorial.bernatcortina.cat\/index.php\/html\/introduccio\/\">Introducci\u00f3<\/a><\/li>\n\t<li id=\"menu-item-342\" class=\"menu-item menu-item-type-post_type menu-item-object-page menu-item-342\"><a href=\"https:\/\/tutorial.bernatcortina.cat\/index.php\/html\/el-document-html\/\">El document HTML<\/a><\/li>\n\t<li id=\"menu-item-343\" class=\"menu-item menu-item-type-post_type menu-item-object-page menu-item-343\"><a href=\"https:\/\/tutorial.bernatcortina.cat\/index.php\/html\/etiquetes-i-atributs\/\">Etiquetes i atributs<\/a><\/li>\n\t<li id=\"menu-item-344\" class=\"menu-item menu-item-type-post_type menu-item-object-page menu-item-344\"><a href=\"https:\/\/tutorial.bernatcortina.cat\/index.php\/html\/contingut-basic\/\">Contingut b\u00e0sic<\/a><\/li>\n\t<li id=\"menu-item-346\" class=\"menu-item menu-item-type-post_type menu-item-object-page menu-item-346\"><a href=\"https:\/\/tutorial.bernatcortina.cat\/index.php\/seccions-del-contingut\/\">Seccions del contingut<\/a><\/li>\n\t<li id=\"menu-item-347\" class=\"menu-item menu-item-type-post_type menu-item-object-page menu-item-347\"><a href=\"https:\/\/tutorial.bernatcortina.cat\/index.php\/html\/enllacos\/\">Enlla\u00e7os<\/a><\/li>\n\t<li id=\"menu-item-348\" class=\"menu-item menu-item-type-post_type menu-item-object-page menu-item-348\"><a href=\"https:\/\/tutorial.bernatcortina.cat\/index.php\/html\/taules\/\">Taules<\/a><\/li>\n\t<li id=\"menu-item-349\" class=\"menu-item menu-item-type-post_type menu-item-object-page menu-item-349\"><a href=\"https:\/\/tutorial.bernatcortina.cat\/index.php\/html\/formularis\/\">Formularis<\/a><\/li>\n<\/ul>\n<\/li>\n<li id=\"menu-item-318\" class=\"menu-item menu-item-type-post_type menu-item-object-page menu-item-has-children menu-item-318\"><a href=\"https:\/\/tutorial.bernatcortina.cat\/index.php\/css\/introduccio\/\">CSS<\/a>\n<ul class=\"sub-menu\">\n\t<li id=\"menu-item-319\" class=\"menu-item menu-item-type-post_type menu-item-object-page menu-item-319\"><a href=\"https:\/\/tutorial.bernatcortina.cat\/index.php\/css\/introduccio\/\">Introducci\u00f3<\/a><\/li>\n\t<li id=\"menu-item-320\" class=\"menu-item menu-item-type-post_type menu-item-object-page menu-item-320\"><a href=\"https:\/\/tutorial.bernatcortina.cat\/index.php\/css\/selectors-i-propietats-basiques\/\">Selectors i propietats b\u00e0siques<\/a><\/li>\n\t<li id=\"menu-item-321\" class=\"menu-item menu-item-type-post_type menu-item-object-page menu-item-321\"><a href=\"https:\/\/tutorial.bernatcortina.cat\/index.php\/css\/margin-i-padding\/\">Margin i Padding<\/a><\/li>\n\t<li id=\"menu-item-322\" class=\"menu-item menu-item-type-post_type menu-item-object-page menu-item-322\"><a href=\"https:\/\/tutorial.bernatcortina.cat\/index.php\/css\/border\/\">Border<\/a><\/li>\n\t<li id=\"menu-item-323\" class=\"menu-item menu-item-type-post_type menu-item-object-page menu-item-323\"><a href=\"https:\/\/tutorial.bernatcortina.cat\/index.php\/css\/background\/\">Background<\/a><\/li>\n<\/ul>\n<\/li>\n<\/ul>\n","protected":false},"excerpt":{"rendered":"<p>Fonaments d&#8217;HTML i full d&#8217;estils Aqu\u00ed trobar\u00e0s una s\u00e8rie de recursos per introduir-te a l&#8217;HTML i el CSS. Apr\u00e8n com utilitzar HTML i CSS per fer p\u00e0gines web. HTML \u00e9s el llenguatge de marcat amb el qual envoltes contingut, per dir-li als navegadors sobre les cap\u00e7aleres, llistes, taules, etc. CSS \u00e9s el llenguatge de full &hellip; <\/p>\n<p class=\"link-more\"><a href=\"https:\/\/tutorial.bernatcortina.cat\/\" class=\"more-link\">Continua llegint <span class=\"screen-reader-text\">\u00abINICI\u00bb<\/span><\/a><\/p>\n","protected":false},"author":1,"featured_media":0,"parent":0,"menu_order":0,"comment_status":"closed","ping_status":"closed","template":"","meta":{"_monsterinsights_skip_tracking":false,"_monsterinsights_sitenote_active":false,"_monsterinsights_sitenote_note":"","_monsterinsights_sitenote_category":0,"footnotes":""},"class_list":["post-76","page","type-page","status-publish","hentry"],"yoast_head":"<!-- This site is optimized with the Yoast SEO plugin v25.5 - https:\/\/yoast.com\/wordpress\/plugins\/seo\/ -->\n<title>INICI | HTML &amp; CSS<\/title>\n<meta name=\"description\" content=\"Fonaments d&#039;HTML i full d&#039;estils | Aqu\u00ed trobar\u00e0s una s\u00e8rie de recursos per introduir-te a l&#039;HTML i el CSS.\" \/>\n<meta name=\"robots\" content=\"index, follow, max-snippet:-1, max-image-preview:large, max-video-preview:-1\" \/>\n<link rel=\"canonical\" href=\"https:\/\/tutorial.bernatcortina.cat\/\" \/>\n<meta property=\"og:locale\" content=\"ca_ES\" \/>\n<meta property=\"og:type\" content=\"article\" \/>\n<meta property=\"og:title\" content=\"INICI | HTML &amp; CSS\" \/>\n<meta property=\"og:description\" content=\"Fonaments d&#039;HTML i full d&#039;estils | Aqu\u00ed trobar\u00e0s una s\u00e8rie de recursos per introduir-te a l&#039;HTML i el CSS.\" \/>\n<meta property=\"og:url\" content=\"https:\/\/tutorial.bernatcortina.cat\/\" \/>\n<meta property=\"og:site_name\" content=\"HTML &amp; CSS\" \/>\n<meta property=\"article:publisher\" content=\"https:\/\/www.facebook.com\/bernatcortina\" \/>\n<meta property=\"article:modified_time\" content=\"2019-03-14T19:28:02+00:00\" \/>\n<meta property=\"og:image\" content=\"http:\/\/tutorial.bernatcortina.cat\/wp-content\/uploads\/2019\/01\/html_css_logo-1-300x146.jpg\" \/>\n<meta name=\"twitter:card\" content=\"summary_large_image\" \/>\n<meta name=\"twitter:site\" content=\"@bernatcortina\" \/>\n<script type=\"application\/ld+json\" class=\"yoast-schema-graph\">{\"@context\":\"https:\/\/schema.org\",\"@graph\":[{\"@type\":\"WebPage\",\"@id\":\"https:\/\/tutorial.bernatcortina.cat\/\",\"url\":\"https:\/\/tutorial.bernatcortina.cat\/\",\"name\":\"INICI | HTML &amp; CSS\",\"isPartOf\":{\"@id\":\"https:\/\/tutorial.bernatcortina.cat\/#website\"},\"primaryImageOfPage\":{\"@id\":\"https:\/\/tutorial.bernatcortina.cat\/#primaryimage\"},\"image\":{\"@id\":\"https:\/\/tutorial.bernatcortina.cat\/#primaryimage\"},\"thumbnailUrl\":\"http:\/\/tutorial.bernatcortina.cat\/wp-content\/uploads\/2019\/01\/html_css_logo-1-300x146.jpg\",\"datePublished\":\"2019-01-14T18:29:46+00:00\",\"dateModified\":\"2019-03-14T19:28:02+00:00\",\"description\":\"Fonaments d'HTML i full d'estils | Aqu\u00ed trobar\u00e0s una s\u00e8rie de recursos per introduir-te a l'HTML i el CSS.\",\"breadcrumb\":{\"@id\":\"https:\/\/tutorial.bernatcortina.cat\/#breadcrumb\"},\"inLanguage\":\"ca\",\"potentialAction\":[{\"@type\":\"ReadAction\",\"target\":[\"https:\/\/tutorial.bernatcortina.cat\/\"]}]},{\"@type\":\"ImageObject\",\"inLanguage\":\"ca\",\"@id\":\"https:\/\/tutorial.bernatcortina.cat\/#primaryimage\",\"url\":\"http:\/\/tutorial.bernatcortina.cat\/wp-content\/uploads\/2019\/01\/html_css_logo-1-300x146.jpg\",\"contentUrl\":\"http:\/\/tutorial.bernatcortina.cat\/wp-content\/uploads\/2019\/01\/html_css_logo-1-300x146.jpg\"},{\"@type\":\"BreadcrumbList\",\"@id\":\"https:\/\/tutorial.bernatcortina.cat\/#breadcrumb\",\"itemListElement\":[{\"@type\":\"ListItem\",\"position\":1,\"name\":\"Inici\",\"item\":\"https:\/\/tutorial.bernatcortina.cat\/\"},{\"@type\":\"ListItem\",\"position\":2,\"name\":\"INICI\"}]},{\"@type\":\"WebSite\",\"@id\":\"https:\/\/tutorial.bernatcortina.cat\/#website\",\"url\":\"https:\/\/tutorial.bernatcortina.cat\/\",\"name\":\"HTML &amp; CSS\",\"description\":\"Fonaments d&#039;HTML i full d&#039;estils\",\"potentialAction\":[{\"@type\":\"SearchAction\",\"target\":{\"@type\":\"EntryPoint\",\"urlTemplate\":\"https:\/\/tutorial.bernatcortina.cat\/?s={search_term_string}\"},\"query-input\":{\"@type\":\"PropertyValueSpecification\",\"valueRequired\":true,\"valueName\":\"search_term_string\"}}],\"inLanguage\":\"ca\"}]}<\/script>\n<!-- \/ Yoast SEO plugin. -->","yoast_head_json":{"title":"INICI | HTML &amp; CSS","description":"Fonaments d'HTML i full d'estils | Aqu\u00ed trobar\u00e0s una s\u00e8rie de recursos per introduir-te a l'HTML i el CSS.","robots":{"index":"index","follow":"follow","max-snippet":"max-snippet:-1","max-image-preview":"max-image-preview:large","max-video-preview":"max-video-preview:-1"},"canonical":"https:\/\/tutorial.bernatcortina.cat\/","og_locale":"ca_ES","og_type":"article","og_title":"INICI | HTML &amp; CSS","og_description":"Fonaments d'HTML i full d'estils | Aqu\u00ed trobar\u00e0s una s\u00e8rie de recursos per introduir-te a l'HTML i el CSS.","og_url":"https:\/\/tutorial.bernatcortina.cat\/","og_site_name":"HTML &amp; CSS","article_publisher":"https:\/\/www.facebook.com\/bernatcortina","article_modified_time":"2019-03-14T19:28:02+00:00","og_image":[{"url":"http:\/\/tutorial.bernatcortina.cat\/wp-content\/uploads\/2019\/01\/html_css_logo-1-300x146.jpg","type":"","width":"","height":""}],"twitter_card":"summary_large_image","twitter_site":"@bernatcortina","schema":{"@context":"https:\/\/schema.org","@graph":[{"@type":"WebPage","@id":"https:\/\/tutorial.bernatcortina.cat\/","url":"https:\/\/tutorial.bernatcortina.cat\/","name":"INICI | HTML &amp; CSS","isPartOf":{"@id":"https:\/\/tutorial.bernatcortina.cat\/#website"},"primaryImageOfPage":{"@id":"https:\/\/tutorial.bernatcortina.cat\/#primaryimage"},"image":{"@id":"https:\/\/tutorial.bernatcortina.cat\/#primaryimage"},"thumbnailUrl":"http:\/\/tutorial.bernatcortina.cat\/wp-content\/uploads\/2019\/01\/html_css_logo-1-300x146.jpg","datePublished":"2019-01-14T18:29:46+00:00","dateModified":"2019-03-14T19:28:02+00:00","description":"Fonaments d'HTML i full d'estils | Aqu\u00ed trobar\u00e0s una s\u00e8rie de recursos per introduir-te a l'HTML i el CSS.","breadcrumb":{"@id":"https:\/\/tutorial.bernatcortina.cat\/#breadcrumb"},"inLanguage":"ca","potentialAction":[{"@type":"ReadAction","target":["https:\/\/tutorial.bernatcortina.cat\/"]}]},{"@type":"ImageObject","inLanguage":"ca","@id":"https:\/\/tutorial.bernatcortina.cat\/#primaryimage","url":"http:\/\/tutorial.bernatcortina.cat\/wp-content\/uploads\/2019\/01\/html_css_logo-1-300x146.jpg","contentUrl":"http:\/\/tutorial.bernatcortina.cat\/wp-content\/uploads\/2019\/01\/html_css_logo-1-300x146.jpg"},{"@type":"BreadcrumbList","@id":"https:\/\/tutorial.bernatcortina.cat\/#breadcrumb","itemListElement":[{"@type":"ListItem","position":1,"name":"Inici","item":"https:\/\/tutorial.bernatcortina.cat\/"},{"@type":"ListItem","position":2,"name":"INICI"}]},{"@type":"WebSite","@id":"https:\/\/tutorial.bernatcortina.cat\/#website","url":"https:\/\/tutorial.bernatcortina.cat\/","name":"HTML &amp; CSS","description":"Fonaments d&#039;HTML i full d&#039;estils","potentialAction":[{"@type":"SearchAction","target":{"@type":"EntryPoint","urlTemplate":"https:\/\/tutorial.bernatcortina.cat\/?s={search_term_string}"},"query-input":{"@type":"PropertyValueSpecification","valueRequired":true,"valueName":"search_term_string"}}],"inLanguage":"ca"}]}},"_links":{"self":[{"href":"https:\/\/tutorial.bernatcortina.cat\/index.php\/wp-json\/wp\/v2\/pages\/76","targetHints":{"allow":["GET"]}}],"collection":[{"href":"https:\/\/tutorial.bernatcortina.cat\/index.php\/wp-json\/wp\/v2\/pages"}],"about":[{"href":"https:\/\/tutorial.bernatcortina.cat\/index.php\/wp-json\/wp\/v2\/types\/page"}],"author":[{"embeddable":true,"href":"https:\/\/tutorial.bernatcortina.cat\/index.php\/wp-json\/wp\/v2\/users\/1"}],"replies":[{"embeddable":true,"href":"https:\/\/tutorial.bernatcortina.cat\/index.php\/wp-json\/wp\/v2\/comments?post=76"}],"version-history":[{"count":1,"href":"https:\/\/tutorial.bernatcortina.cat\/index.php\/wp-json\/wp\/v2\/pages\/76\/revisions"}],"predecessor-version":[{"id":1356,"href":"https:\/\/tutorial.bernatcortina.cat\/index.php\/wp-json\/wp\/v2\/pages\/76\/revisions\/1356"}],"wp:attachment":[{"href":"https:\/\/tutorial.bernatcortina.cat\/index.php\/wp-json\/wp\/v2\/media?parent=76"}],"curies":[{"name":"wp","href":"https:\/\/api.w.org\/{rel}","templated":true}]}}