{"id":199,"date":"2019-01-21T20:16:18","date_gmt":"2019-01-21T18:16:18","guid":{"rendered":"http:\/\/tutorial.bernatcortina.cat\/?page_id=199"},"modified":"2019-01-21T20:16:18","modified_gmt":"2019-01-21T18:16:18","slug":"taules","status":"publish","type":"page","link":"https:\/\/tutorial.bernatcortina.cat\/index.php\/html\/taules\/","title":{"rendered":"Taules"},"content":{"rendered":"<p style=\"text-align: justify;\">Una taula \u00e9s un mitj\u00e0 per organitzar dades en files i columnes.<\/p>\n<p style=\"text-align: justify;\">En documents HTML una taula pot ser considerada, resumidament, com un grup de <b>files<\/b> on cadascuna cont\u00e9 a un grup de <b>cel\u00b7les<\/b>. Aix\u00f2 \u00e9s conceptualment diferent a un grup de columnes que cont\u00e9 a un grup de files, i aquesta difer\u00e8ncia tindr\u00e0 un impacte en la composici\u00f3 i comportament de la taula.<\/p>\n<p style=\"text-align: justify;\">Una taula b\u00e0sica pot ser declarada usant tres elements: <b>table<\/b> (el contenidor principal), <b>tr<\/b> (representant a les files) i <b>td<\/b> (representant a les cel\u00b7les).<\/p>\n<p><img loading=\"lazy\" decoding=\"async\" class=\"aligncenter size-full wp-image-200\" src=\"http:\/\/tutorial.bernatcortina.cat\/wp-content\/uploads\/2019\/01\/1-18.png\" alt=\"\" width=\"547\" height=\"481\" \/><\/p>\n<p style=\"text-align: justify;\"><b>Es pot veure en l&#8217;exemple anterior, el concepte de files contenint columnes. Es fa evident com les cel\u00b7les, que han estat numerades d&#8217;acord a la seva aparici\u00f3 en el codi, segueixen una seq\u00fc\u00e8ncia en la representaci\u00f3 que va d&#8217;esquerra a dreta, una fila per vegada.<\/b><\/p>\n<h1 style=\"text-align: justify;\">Cel\u00b7les de cap\u00e7alera<\/h1>\n<p style=\"text-align: justify;\">Una cel\u00b7la de cap\u00e7alera \u00e9s un tipus especial de cel\u00b7la utilizada per organitzar i categoritzar altres cel\u00b7les de la taula. Es representen amb l\u2019element <b>th.<\/b><\/p>\n<p style=\"text-align: justify;\"><i>Exemple. Taula que mostra informaci\u00f3 sobre el clima dels pr\u00f2xims dies. Aqu\u00ed les cel\u00b7les de cap\u00e7alera, representades per l\u2019element th, s\u00f3n ubicades a la primera fila de la taula sobre les cel\u00b7les comunes.<\/i><\/p>\n<p><img loading=\"lazy\" decoding=\"async\" class=\"aligncenter size-full wp-image-201\" src=\"http:\/\/tutorial.bernatcortina.cat\/wp-content\/uploads\/2019\/01\/1-19.png\" alt=\"\" width=\"358\" height=\"669\" \/><\/p>\n<p style=\"text-align: justify;\">Podem observar com cada cel\u00b7la de cap\u00e7alera de la taula, ha adoptat un estil diferent per a identificar-la com a tal.<\/p>\n<h1 style=\"text-align: justify;\">L\u2019atribut scope<\/h1>\n<p style=\"text-align: justify;\">L\u2019atribut scope aporta un mecanisme per indicar expl\u00edcitament a quines cel\u00b7les afecta una cel\u00b7la de cap\u00e7alera. Aquest atribut <b>nom\u00e9s <\/b>pot ser declarat en una cel\u00b7la d&#8217;encap\u00e7alament i prendre els valors &#8220;col&#8221;, &#8220;row&#8221;, &#8220;colgroup&#8221; i &#8220;rowgroup&#8221;. Els valors &#8220;col&#8221; i &#8220;row&#8221; indiquen que la cel\u00b7la de cap\u00e7alera proveeix informaci\u00f3 per a la resta de les cel\u00b7les a la columna o fila (respectivament) en qu\u00e8 est\u00e0 present.<\/p>\n<p style=\"text-align: justify;\"><img loading=\"lazy\" decoding=\"async\" class=\"aligncenter size-full wp-image-202\" src=\"http:\/\/tutorial.bernatcortina.cat\/wp-content\/uploads\/2019\/01\/1-20.png\" alt=\"\" width=\"497\" height=\"666\" \/><\/p>\n<p style=\"text-align: justify;\">La cel\u00b7la de la cantonada superior esquerra de la taula, <b>proveiria informaci\u00f3 ambigua si l&#8217;atribut scope no estigu\u00e9s present<\/b>. En altres paraules, afectaria les cel\u00b7les en la seva columna, aix\u00ed com a les cel\u00b7les a la seva fila. <b>La pres\u00e8ncia de l&#8217;atribut scope ha deixat en clar que les cel\u00b7les afectades per aquest encap\u00e7alat s\u00f3n aquelles en la mateixa fila<\/b>.<\/p>\n<h1 style=\"text-align: justify;\">El t\u00edtol<\/h1>\n<p style=\"text-align: justify;\">El t\u00edtol d&#8217;una taula \u00e9s un altre component que <b>aporta a la llegibilitat<\/b>.<\/p>\n<p style=\"text-align: justify;\">En HTML, els t\u00edtols de les taules s\u00f3n inserits mitjan\u00e7ant l&#8217;element <b>caption<\/b>, just despr\u00e9s de l&#8217;etiqueta d&#8217;obertura de la mateixa taula i abans que tots els altres elements de la seva estructura.<\/p>\n<p><img loading=\"lazy\" decoding=\"async\" class=\"aligncenter size-full wp-image-203\" src=\"http:\/\/tutorial.bernatcortina.cat\/wp-content\/uploads\/2019\/01\/1-21.png\" alt=\"\" width=\"577\" height=\"422\" \/><\/p>\n<h1 style=\"text-align: justify;\">Unificaci\u00f3 de cel\u00b7les<\/h1>\n<p style=\"text-align: justify;\">La unificaci\u00f3 de cel\u00b7les \u00e9s un mecanisme mitjan\u00e7ant el qual un autor pot <b>combinar o fusionar<\/b> dos o m\u00e9s cel\u00b7les adjacents (td i th) en una taula. Aquest efecte es pot aconseguir utilitzant els atributs <b>colspan<\/b>, per unificaci\u00f3 horitzontal, i <b>rowspan<\/b>, per unificaci\u00f3 vertical. Aquests atributs poden prendre un valor enter major a zero, que representa el nombre de cel\u00b7les que participaran en la unificaci\u00f3.<\/p>\n<p style=\"text-align: justify;\">La idea darrere d&#8217;aquest mecanisme s&#8217;explica per si mateixa: quan l&#8217;atribut colspan \u00e9s establert en una cel\u00b7la, indica als int\u00e8rprets que la mateixa ha d&#8217;abastar, no nom\u00e9s el seu propi espai, sin\u00f3 tamb\u00e9 l&#8217;espai d&#8217;un nombre de cel\u00b7les contig\u00fces cap a la seva dreta. El mateix succeeix per a l&#8217;atribut rowspan per\u00f2 cap avall. A causa de l&#8217;estructura de les taules en HTML, La unificaci\u00f3 nom\u00e9s pot fer-se cap a la dreta o cap avall. Fer-ho cap amunt o cap a l&#8217;esquerra consistiria un intent d&#8217;abastar espai ja utilitzat.<\/p>\n<p><img loading=\"lazy\" decoding=\"async\" class=\"aligncenter size-full wp-image-204\" src=\"http:\/\/tutorial.bernatcortina.cat\/wp-content\/uploads\/2019\/01\/1-22.png\" alt=\"\" width=\"503\" height=\"407\" \/><\/p>\n<h1 style=\"text-align: justify;\">Organitzaci\u00f3 de la informaci\u00f3<\/h1>\n<p style=\"text-align: justify;\">HTML proveeix tres elements que poden ajudar els autors a <b>organitzar la informaci\u00f3 presentada en una taula<\/b>. Aquests s\u00f3n: <b>&lt;thead&gt;<\/b>, per a agrupar les files que presenten infromaci\u00f3 de cap\u00e7alera; <b>&lt;tfoot&gt;<\/b> per contenir a les files que representen un peu o resum; i <b>&lt;tbody&gt;<\/b>, per representar un bloc de files que consisteix en un cos de dades.<\/p>\n<p style=\"text-align: justify;\">El cos de les taules tenen dues particularitats: primer, que pot haver-hi m\u00e9s d&#8217;un cos en una mateixa taula; i segon, que l&#8217;element tbody pot ser om\u00e8s quan la taula t\u00e9 nom\u00e9s un cos. De les taules que encaixen en el segon cas es diu que tenen un cos impl\u00edcit.<\/p>\n<p style=\"text-align: justify;\">Quan una taula t\u00e9 m\u00faltiples cossos, cada cos ha d&#8217;agrupar files que estan tem\u00e0ticament relacionades.<\/p>\n<p style=\"text-align: justify;\"><img loading=\"lazy\" decoding=\"async\" class=\"aligncenter size-full wp-image-205\" src=\"http:\/\/tutorial.bernatcortina.cat\/wp-content\/uploads\/2019\/01\/1-23.png\" alt=\"\" width=\"342\" height=\"456\" \/><\/p>\n","protected":false},"excerpt":{"rendered":"<p>Una taula \u00e9s un mitj\u00e0 per organitzar dades en files i columnes. En documents HTML una taula pot ser considerada, resumidament, com un grup de files on cadascuna cont\u00e9 a un grup de cel\u00b7les. Aix\u00f2 \u00e9s conceptualment diferent a un grup de columnes que cont\u00e9 a un grup de files, i aquesta difer\u00e8ncia tindr\u00e0 un &hellip; <\/p>\n<p class=\"link-more\"><a href=\"https:\/\/tutorial.bernatcortina.cat\/index.php\/html\/taules\/\" class=\"more-link\">Continua llegint <span class=\"screen-reader-text\">\u00abTaules\u00bb<\/span><\/a><\/p>\n","protected":false},"author":1,"featured_media":0,"parent":65,"menu_order":0,"comment_status":"closed","ping_status":"closed","template":"","meta":{"_monsterinsights_skip_tracking":false,"_monsterinsights_sitenote_active":false,"_monsterinsights_sitenote_note":"","_monsterinsights_sitenote_category":0,"footnotes":""},"class_list":["post-199","page","type-page","status-publish","hentry"],"yoast_head":"<!-- This site is optimized with the Yoast SEO plugin v25.5 - https:\/\/yoast.com\/wordpress\/plugins\/seo\/ -->\n<title>Taules | HTML &amp; CSS<\/title>\n<meta name=\"robots\" content=\"index, follow, max-snippet:-1, max-image-preview:large, max-video-preview:-1\" \/>\n<link rel=\"canonical\" href=\"https:\/\/tutorial.bernatcortina.cat\/index.php\/html\/taules\/\" \/>\n<meta property=\"og:locale\" content=\"ca_ES\" \/>\n<meta property=\"og:type\" content=\"article\" \/>\n<meta property=\"og:title\" content=\"Taules | HTML &amp; CSS\" \/>\n<meta property=\"og:description\" content=\"Una taula \u00e9s un mitj\u00e0 per organitzar dades en files i columnes. En documents HTML una taula pot ser considerada, resumidament, com un grup de files on cadascuna cont\u00e9 a un grup de cel\u00b7les. Aix\u00f2 \u00e9s conceptualment diferent a un grup de columnes que cont\u00e9 a un grup de files, i aquesta difer\u00e8ncia tindr\u00e0 un &hellip; Continua llegint \u00abTaules\u00bb\" \/>\n<meta property=\"og:url\" content=\"https:\/\/tutorial.bernatcortina.cat\/index.php\/html\/taules\/\" \/>\n<meta property=\"og:site_name\" content=\"HTML &amp; CSS\" \/>\n<meta property=\"article:publisher\" content=\"https:\/\/www.facebook.com\/bernatcortina\" \/>\n<meta property=\"og:image\" content=\"http:\/\/tutorial.bernatcortina.cat\/wp-content\/uploads\/2019\/01\/1-18.png\" \/>\n<meta name=\"twitter:card\" content=\"summary_large_image\" \/>\n<meta name=\"twitter:site\" content=\"@bernatcortina\" \/>\n<meta name=\"twitter:label1\" content=\"Temps estimat de lectura\" \/>\n\t<meta name=\"twitter:data1\" content=\"4 minuts\" \/>\n<script type=\"application\/ld+json\" class=\"yoast-schema-graph\">{\"@context\":\"https:\/\/schema.org\",\"@graph\":[{\"@type\":\"WebPage\",\"@id\":\"https:\/\/tutorial.bernatcortina.cat\/index.php\/html\/taules\/\",\"url\":\"https:\/\/tutorial.bernatcortina.cat\/index.php\/html\/taules\/\",\"name\":\"Taules | HTML &amp; CSS\",\"isPartOf\":{\"@id\":\"https:\/\/tutorial.bernatcortina.cat\/#website\"},\"primaryImageOfPage\":{\"@id\":\"https:\/\/tutorial.bernatcortina.cat\/index.php\/html\/taules\/#primaryimage\"},\"image\":{\"@id\":\"https:\/\/tutorial.bernatcortina.cat\/index.php\/html\/taules\/#primaryimage\"},\"thumbnailUrl\":\"http:\/\/tutorial.bernatcortina.cat\/wp-content\/uploads\/2019\/01\/1-18.png\",\"datePublished\":\"2019-01-21T18:16:18+00:00\",\"breadcrumb\":{\"@id\":\"https:\/\/tutorial.bernatcortina.cat\/index.php\/html\/taules\/#breadcrumb\"},\"inLanguage\":\"ca\",\"potentialAction\":[{\"@type\":\"ReadAction\",\"target\":[\"https:\/\/tutorial.bernatcortina.cat\/index.php\/html\/taules\/\"]}]},{\"@type\":\"ImageObject\",\"inLanguage\":\"ca\",\"@id\":\"https:\/\/tutorial.bernatcortina.cat\/index.php\/html\/taules\/#primaryimage\",\"url\":\"http:\/\/tutorial.bernatcortina.cat\/wp-content\/uploads\/2019\/01\/1-18.png\",\"contentUrl\":\"http:\/\/tutorial.bernatcortina.cat\/wp-content\/uploads\/2019\/01\/1-18.png\"},{\"@type\":\"BreadcrumbList\",\"@id\":\"https:\/\/tutorial.bernatcortina.cat\/index.php\/html\/taules\/#breadcrumb\",\"itemListElement\":[{\"@type\":\"ListItem\",\"position\":1,\"name\":\"Inici\",\"item\":\"https:\/\/tutorial.bernatcortina.cat\/\"},{\"@type\":\"ListItem\",\"position\":2,\"name\":\"HTML\",\"item\":\"https:\/\/tutorial.bernatcortina.cat\/index.php\/html\/\"},{\"@type\":\"ListItem\",\"position\":3,\"name\":\"Taules\"}]},{\"@type\":\"WebSite\",\"@id\":\"https:\/\/tutorial.bernatcortina.cat\/#website\",\"url\":\"https:\/\/tutorial.bernatcortina.cat\/\",\"name\":\"HTML &amp; CSS\",\"description\":\"Fonaments d&#039;HTML i full d&#039;estils\",\"potentialAction\":[{\"@type\":\"SearchAction\",\"target\":{\"@type\":\"EntryPoint\",\"urlTemplate\":\"https:\/\/tutorial.bernatcortina.cat\/?s={search_term_string}\"},\"query-input\":{\"@type\":\"PropertyValueSpecification\",\"valueRequired\":true,\"valueName\":\"search_term_string\"}}],\"inLanguage\":\"ca\"}]}<\/script>\n<!-- \/ Yoast SEO plugin. -->","yoast_head_json":{"title":"Taules | HTML &amp; CSS","robots":{"index":"index","follow":"follow","max-snippet":"max-snippet:-1","max-image-preview":"max-image-preview:large","max-video-preview":"max-video-preview:-1"},"canonical":"https:\/\/tutorial.bernatcortina.cat\/index.php\/html\/taules\/","og_locale":"ca_ES","og_type":"article","og_title":"Taules | HTML &amp; CSS","og_description":"Una taula \u00e9s un mitj\u00e0 per organitzar dades en files i columnes. En documents HTML una taula pot ser considerada, resumidament, com un grup de files on cadascuna cont\u00e9 a un grup de cel\u00b7les. Aix\u00f2 \u00e9s conceptualment diferent a un grup de columnes que cont\u00e9 a un grup de files, i aquesta difer\u00e8ncia tindr\u00e0 un &hellip; Continua llegint \u00abTaules\u00bb","og_url":"https:\/\/tutorial.bernatcortina.cat\/index.php\/html\/taules\/","og_site_name":"HTML &amp; CSS","article_publisher":"https:\/\/www.facebook.com\/bernatcortina","og_image":[{"url":"http:\/\/tutorial.bernatcortina.cat\/wp-content\/uploads\/2019\/01\/1-18.png","type":"","width":"","height":""}],"twitter_card":"summary_large_image","twitter_site":"@bernatcortina","twitter_misc":{"Temps estimat de lectura":"4 minuts"},"schema":{"@context":"https:\/\/schema.org","@graph":[{"@type":"WebPage","@id":"https:\/\/tutorial.bernatcortina.cat\/index.php\/html\/taules\/","url":"https:\/\/tutorial.bernatcortina.cat\/index.php\/html\/taules\/","name":"Taules | HTML &amp; CSS","isPartOf":{"@id":"https:\/\/tutorial.bernatcortina.cat\/#website"},"primaryImageOfPage":{"@id":"https:\/\/tutorial.bernatcortina.cat\/index.php\/html\/taules\/#primaryimage"},"image":{"@id":"https:\/\/tutorial.bernatcortina.cat\/index.php\/html\/taules\/#primaryimage"},"thumbnailUrl":"http:\/\/tutorial.bernatcortina.cat\/wp-content\/uploads\/2019\/01\/1-18.png","datePublished":"2019-01-21T18:16:18+00:00","breadcrumb":{"@id":"https:\/\/tutorial.bernatcortina.cat\/index.php\/html\/taules\/#breadcrumb"},"inLanguage":"ca","potentialAction":[{"@type":"ReadAction","target":["https:\/\/tutorial.bernatcortina.cat\/index.php\/html\/taules\/"]}]},{"@type":"ImageObject","inLanguage":"ca","@id":"https:\/\/tutorial.bernatcortina.cat\/index.php\/html\/taules\/#primaryimage","url":"http:\/\/tutorial.bernatcortina.cat\/wp-content\/uploads\/2019\/01\/1-18.png","contentUrl":"http:\/\/tutorial.bernatcortina.cat\/wp-content\/uploads\/2019\/01\/1-18.png"},{"@type":"BreadcrumbList","@id":"https:\/\/tutorial.bernatcortina.cat\/index.php\/html\/taules\/#breadcrumb","itemListElement":[{"@type":"ListItem","position":1,"name":"Inici","item":"https:\/\/tutorial.bernatcortina.cat\/"},{"@type":"ListItem","position":2,"name":"HTML","item":"https:\/\/tutorial.bernatcortina.cat\/index.php\/html\/"},{"@type":"ListItem","position":3,"name":"Taules"}]},{"@type":"WebSite","@id":"https:\/\/tutorial.bernatcortina.cat\/#website","url":"https:\/\/tutorial.bernatcortina.cat\/","name":"HTML &amp; CSS","description":"Fonaments d&#039;HTML i full d&#039;estils","potentialAction":[{"@type":"SearchAction","target":{"@type":"EntryPoint","urlTemplate":"https:\/\/tutorial.bernatcortina.cat\/?s={search_term_string}"},"query-input":{"@type":"PropertyValueSpecification","valueRequired":true,"valueName":"search_term_string"}}],"inLanguage":"ca"}]}},"_links":{"self":[{"href":"https:\/\/tutorial.bernatcortina.cat\/index.php\/wp-json\/wp\/v2\/pages\/199","targetHints":{"allow":["GET"]}}],"collection":[{"href":"https:\/\/tutorial.bernatcortina.cat\/index.php\/wp-json\/wp\/v2\/pages"}],"about":[{"href":"https:\/\/tutorial.bernatcortina.cat\/index.php\/wp-json\/wp\/v2\/types\/page"}],"author":[{"embeddable":true,"href":"https:\/\/tutorial.bernatcortina.cat\/index.php\/wp-json\/wp\/v2\/users\/1"}],"replies":[{"embeddable":true,"href":"https:\/\/tutorial.bernatcortina.cat\/index.php\/wp-json\/wp\/v2\/comments?post=199"}],"version-history":[{"count":0,"href":"https:\/\/tutorial.bernatcortina.cat\/index.php\/wp-json\/wp\/v2\/pages\/199\/revisions"}],"up":[{"embeddable":true,"href":"https:\/\/tutorial.bernatcortina.cat\/index.php\/wp-json\/wp\/v2\/pages\/65"}],"wp:attachment":[{"href":"https:\/\/tutorial.bernatcortina.cat\/index.php\/wp-json\/wp\/v2\/media?parent=199"}],"curies":[{"name":"wp","href":"https:\/\/api.w.org\/{rel}","templated":true}]}}