{"id":129,"date":"2019-01-16T19:42:14","date_gmt":"2019-01-16T17:42:14","guid":{"rendered":"http:\/\/tutorial.bernatcortina.cat\/?page_id=129"},"modified":"2019-01-16T19:42:14","modified_gmt":"2019-01-16T17:42:14","slug":"etiquetes-i-atributs","status":"publish","type":"page","link":"https:\/\/tutorial.bernatcortina.cat\/index.php\/html\/etiquetes-i-atributs\/","title":{"rendered":"Etiquetes i atributs"},"content":{"rendered":"<h1 style=\"text-align: justify;\">1.\u00a0\u00a0 Elements i etiquetes<\/h1>\n<p style=\"text-align: justify;\">L\u2019HTML \u00e9s un llenguatge de marques compost per un conjunt d&#8217;<strong>elements<\/strong> que s\u00f3n la base de la seva estructura. Aquests elements conformen una caixa d&#8217;eines que els autors poden utilitzar per donar forma als seus documents. Per exemple, pots trobar elements que insereixen par\u00e0grafs, v\u00eddeos o altres documents, o elements que marquen cites, text important o els t\u00edtols de llibres, pel\u00b7l\u00edcules, treballs&#8230;<\/p>\n<p style=\"text-align: justify;\">Els <strong>navegadors<\/strong> s\u00f3n els responsables del processament i transformaci\u00f3 dels elements en documents representats. Tamb\u00e9 per\u00f2, hi ha elements no tenen una representaci\u00f3 tangible: el seu prop\u00f2sit \u00e9s el de proveir significats sem\u00e0ntics a la porci\u00f3 de document que afecten.<\/p>\n<p style=\"text-align: justify;\">Un <strong>element HTML<\/strong> est\u00e0 normalment compost per dues etiquetes: l&#8217;etiqueta d&#8217;obertura i la etiqueta de tancament. Una etiqueta d&#8217;obertura es compon del nom de l&#8217;element entre els s\u00edmbols menor-que &#8220;&lt;&#8221; i major-que &#8220;&gt;&#8221;. L&#8217;etiqueta de tancament es construeix de la mateixa manera que la d&#8217;obertura per\u00f2, en aquest cas, el nom de l&#8217;element \u00e9s precedit per una barra inclinada (&#8220;\/&#8221;).<\/p>\n<p style=\"text-align: justify;\"><em>Exemple. Etiquetes d&#8217;obertura i tancament per a l&#8217;element b.<\/em><\/p>\n<p style=\"text-align: justify;\"><img loading=\"lazy\" decoding=\"async\" class=\"aligncenter size-full wp-image-130\" src=\"http:\/\/tutorial.bernatcortina.cat\/wp-content\/uploads\/2019\/01\/Imagen-1-1.png\" alt=\"\" width=\"220\" height=\"39\" \/><\/p>\n<p style=\"text-align: justify;\">Com es pot veure, hi ha les etiquetes d&#8217;obertura (&#8220;&lt;b&gt;&#8221;) i de tancament (&#8220;&lt;\/b&gt;&#8221;). Ara, el text que veus, &#8220;El Bergued\u00e0&#8221;, \u00e9s conegut com el contingut de l&#8217;element.<\/p>\n<p style=\"text-align: justify;\"><strong>L\u2019ordre de tancament<\/strong> de les etiquetes \u00e9s des de l\u2019\u00faltima oberta fins a la primera.<\/p>\n<p style=\"text-align: justify;\"><em>Exemple. Ordre de tancament. <\/em><\/p>\n<p style=\"text-align: justify;\"><img loading=\"lazy\" decoding=\"async\" class=\"aligncenter wp-image-131 size-full\" src=\"http:\/\/tutorial.bernatcortina.cat\/wp-content\/uploads\/2019\/01\/Imagen-1-2.png\" alt=\"\" width=\"547\" height=\"37\" \/><\/p>\n<p style=\"text-align: justify;\">A m\u00e9s d&#8217;etiquetes i contingut, un element pot tenir <strong>atributs i esdeveniments<\/strong>. Els atributs defineixen valors o propietats per a ser utilitzades pels navegadors en el processament del document, els esdeveniments s\u2019usen per especificar comportaments o accions a ser exercides quan certes condicions es compleixen, com per exemple, quan l&#8217;usuari fa un clic sobre l&#8217;element.<\/p>\n<p style=\"text-align: justify;\">Els atributs i esdeveniments comparteixen una mateixa sintaxi: s&#8217;han d&#8217;inserir dins de l&#8217;etiqueta d&#8217;obertura com una llista d&#8217;\u00edtems separats per espais, despr\u00e9s del nom de l&#8217;element i precedida per un espai. Cadascun d&#8217;aquests \u00edtems es compon d&#8217;un nom (per a l&#8217;atribut o esdeveniment), el signe igual (&#8220;=&#8221;) i el valor o funci\u00f3 (de vegades opcionalment) tancat entre cometes.<\/p>\n<p style=\"text-align: justify;\"><em>Exemple. Un element b amb un atribut (style) i un esdeveniment (onclick).<\/em><\/p>\n<p><img loading=\"lazy\" decoding=\"async\" class=\"aligncenter size-full wp-image-132\" src=\"http:\/\/tutorial.bernatcortina.cat\/wp-content\/uploads\/2019\/01\/Imagen-1-3.png\" alt=\"\" width=\"785\" height=\"31\" \/><\/p>\n<h1 style=\"text-align: justify;\">2.\u00a0\u00a0 Contingut<\/h1>\n<p style=\"text-align: justify;\">El contingut d&#8217;un element \u00e9s, en general, <strong>tot all\u00f2 que es troba entre les seves etiquetes<\/strong> d&#8217;obertura i tancament. Depenent de l&#8217;element, aix\u00f2 pot anar des d\u2019absolutament res a un tros de document HTML. Aquest contingut \u00e9s el que ser\u00e0 afectat per la funcionalitat o significat de l&#8217;element.<\/p>\n<p style=\"text-align: justify;\">Per exemple, l&#8217;element &lt;em&gt; brinda \u00e8mfasi al seu contingut, i els navegadors habitualment mostren el seu text amb un estil de font particular per fer-ho sobresortir del text normal.<\/p>\n<p style=\"text-align: justify;\"><em>Exemple. Hi ha tres elements, cadascun amb un tipus diferent de contingut: el par\u00e0graf (element p), contenint a altres elements; una paraula amb \u00e8mfasi (element em), contenint nom\u00e9s text; i un bot\u00f3 (element input (type = button)), el qual \u00e9s un element buit.\u00a0\u00a0\u00a0\u00a0\u00a0\u00a0\u00a0 <\/em><\/p>\n<p style=\"text-align: justify;\"><img loading=\"lazy\" decoding=\"async\" class=\"aligncenter size-full wp-image-133\" src=\"http:\/\/tutorial.bernatcortina.cat\/wp-content\/uploads\/2019\/01\/Imagen-1-4.png\" alt=\"\" width=\"883\" height=\"39\" \/><\/p>\n<p><img loading=\"lazy\" decoding=\"async\" class=\"aligncenter wp-image-134 size-medium\" src=\"http:\/\/tutorial.bernatcortina.cat\/wp-content\/uploads\/2019\/01\/Imagen-1-5-300x43.png\" alt=\"\" width=\"300\" height=\"43\" \/><\/p>\n<h1 style=\"text-align: justify;\">3.\u00a0\u00a0 Atributs<\/h1>\n<p style=\"text-align: justify;\">Els atributs s\u00f3n la forma que tenen els autors de <strong>definir propietats<\/strong> per a un element. Aquestes propietats habitualment canvien la manera com els navegadors interpreten l&#8217;element. Per exemple, l&#8217;element &lt;a&gt; insereix un enlla\u00e7 en el document, per\u00f2 l&#8217;atribut <em><a href=\"https:\/\/www.w3schools.com\/TAGS\/att_a_rel.asp\">rel<\/a><\/em> indica la relaci\u00f3 entre el document actual (el que cont\u00e9 al vincle) i el recurs de dest\u00ed (al qual el vincle est\u00e0 apuntant).<\/p>\n<p style=\"text-align: justify;\">Molts dels atributs en HTML5, aquells coneguts com a <a href=\"http:\/\/michelletorres.mx\/atributos-globales-en-html5\/\">atributs globals<\/a>, estan disponibles per a tots els elements de l&#8217;est\u00e0ndard. Per\u00f2 la majoria dels elements tenen a m\u00e9s un conjunt d&#8217;atributs espec\u00edfics que nom\u00e9s estan disponibles o espec\u00edficament adaptats per a ells.<\/p>\n<p style=\"text-align: justify;\">Els atributs s\u00f3n declarats indicant el seu nom, seguit d&#8217;un signe igual (=) i el valor assignat entre cometes. Hi ha alguns atributs, que nom\u00e9s poden prendre valors booleans (cert o fals), apliquen el seu valor tan sols amb la seva pres\u00e8ncia. En aquests casos, els atributs poden ser declarats amb nom\u00e9s indicar el seu nom.<\/p>\n<p style=\"text-align: justify;\"><em>En el seg\u00fcent exemple, l&#8217;element button t\u00e9 tres atributs presents: id i acceskey, que s\u00f3n atributs globals, i disabled (boole\u00e0), el qual no \u00e9s global per\u00f2 si que ho comparteixen un grup particular d&#8217;elements.<\/em><\/p>\n<p><img loading=\"lazy\" decoding=\"async\" class=\"aligncenter size-full wp-image-137\" src=\"http:\/\/tutorial.bernatcortina.cat\/wp-content\/uploads\/2019\/01\/Imagen-1-6.png\" alt=\"\" width=\"637\" height=\"47\" \/><\/p>\n<h1 style=\"text-align: justify;\">4.\u00a0\u00a0 Esdeveniments<\/h1>\n<p style=\"text-align: justify;\">Els esdeveniments s\u00f3n mecanismes prove\u00efts per l&#8217;est\u00e0ndard HTML, dissenyats per permetre als autors l&#8217;execuci\u00f3 de programes en les seves p\u00e0gines web en resposta a la <strong>interacci\u00f3 de l&#8217;usuari o el sistema<\/strong>. El prop\u00f2sit d&#8217;un esdeveniment \u00e9s el d&#8217;associar una acci\u00f3, duta a terme per l&#8217;usuari o pel sistema (com, per exemple, quan l&#8217;usuari fa un clic sobre un element o el document acaba de carregar-se), amb una funci\u00f3 o script, escrit en un llenguatge del costat client, per exemple JavaScript.<\/p>\n<p style=\"text-align: justify;\">La sintaxi usada per declarar esdeveniments \u00e9s molt similar a la sintaxi dels atributs i consta de: el nom de l&#8217;esdeveniment seguit pel signe igual (=) i la funci\u00f3 o l&#8217;script entre cometes.<\/p>\n<p style=\"text-align: justify;\"><em>En el seg\u00fcent exemple, hi trobem una s\u00e8rie d\u2019esdeveniments onMouseOver, que crida a la seva funci\u00f3 quan el punter del ratol\u00ed es posa sobre l&#8217;element, i onmouseout, que crida a la seva funci\u00f3 quan el punter del ratol\u00ed passa a estar fora de l&#8217;\u00e0rea ocupada per l&#8217;element. Les funcions declarades en els esdeveniments canvien el color de fons de l&#8217;element perqu\u00e8 puguis apreciar millor la funcionalitat.<\/em><\/p>\n<p style=\"text-align: justify;\"><em><img loading=\"lazy\" decoding=\"async\" class=\"aligncenter size-full wp-image-138\" src=\"http:\/\/tutorial.bernatcortina.cat\/wp-content\/uploads\/2019\/01\/Imagen-1-7.png\" alt=\"\" width=\"631\" height=\"93\" \/><\/em><\/p>\n<p style=\"text-align: justify;\"><em>\u00a0<\/em><a href=\"https:\/\/www.w3schools.com\/js\/tryit.asp?filename=tryjs_dom_css_bgcolor\">https:\/\/www.w3schools.com\/js\/tryit.asp?filename=tryjs_dom_css_bgcolor<\/a><\/p>\n<p><img loading=\"lazy\" decoding=\"async\" class=\"aligncenter size-full wp-image-140\" src=\"http:\/\/tutorial.bernatcortina.cat\/wp-content\/uploads\/2019\/01\/Captura-de-Pantalla-2019-01-16-a-les-18.43.54.png\" alt=\"\" width=\"1022\" height=\"332\" \/><\/p>\n<p style=\"text-align: justify;\">En HTML5 hi ha un sol conjunt d&#8217;esdeveniments, denominat <a href=\"https:\/\/www.w3schools.com\/tags\/ref_eventattributes.asp\">esdeveniments globals<\/a>. Cada esdeveniment en aquest grup, pot ser utilitzat amb qualsevol element en l&#8217;est\u00e0ndard, independentment de si l&#8217;element pot activar aquest esdeveniment o no. En altres paraules, hi ha alguns esdeveniments, com oncanplay o onautocomplete, que, tot i ser globals, estan espec\u00edficament dissenyats per a un grup particular d&#8217;elements i no seran activats pels elements fora d&#8217;aquest grup.<\/p>\n<h1 style=\"text-align: justify;\">5.\u00a0\u00a0 Comentaris<\/h1>\n<p style=\"text-align: justify;\">Els comentaris \u00e9s un element molt important en qualsevol codi. Ens permet deixar anotacions que no afecten a l\u2019execuci\u00f3 del codi. Aquestes anotacions no s\u00f3n visibles als usuaris que mirin la web amb el navegador (excepte si examinen el codi font), per\u00f2 s\u00f3n molt \u00fatils per al desenvolupador web.<\/p>\n<p style=\"text-align: justify;\"><strong>Sintaxi dels comentaris<\/strong>: &lt;!&#8211;<em>comentari aqu\u00ed<\/em>&#8211;&gt;<\/p>\n<p><img loading=\"lazy\" decoding=\"async\" class=\"aligncenter size-full wp-image-141\" src=\"http:\/\/tutorial.bernatcortina.cat\/wp-content\/uploads\/2019\/01\/Imagen-1-8.png\" alt=\"\" width=\"487\" height=\"77\" \/><\/p>\n<p style=\"text-align: justify;\">\u00c9s molt important comentar el codi font, sobretot si es tracta d\u2019un document molt llarg.<\/p>\n<h1 style=\"text-align: justify;\">6.\u00a0\u00a0 Sagnat del codi o tabulaci\u00f3<\/h1>\n<p style=\"text-align: justify;\">El codi HTML est\u00e0 ple d\u2019etiquetes que s\u2019obren i es tanquen. Al navegador web que interpretar\u00e0 aquest codi no li cal que hi hagi ni salts de p\u00e0gina ni tabuladors per poder interpretar-lo, per\u00f2 els \u00e9ssers humans <strong>necessitem que el codi estigui organitzat<\/strong> amb salts de l\u00ednia i sagnats per tal de llegir-lo d\u2019una manera c\u00f2moda.<\/p>\n<p style=\"text-align: justify;\">Una t\u00e8cnica per tal de sagnar el codi \u00e9s que tot el contingut que hi ha entre una etiqueta d\u2019inici i la seva etiqueta de tancament corresponent estigui sagnat.<\/p>\n<p style=\"text-align: justify;\"><img loading=\"lazy\" decoding=\"async\" class=\"aligncenter size-full wp-image-142\" src=\"http:\/\/tutorial.bernatcortina.cat\/wp-content\/uploads\/2019\/01\/Imagen-1-9.png\" alt=\"\" width=\"812\" height=\"645\" \/><\/p>\n","protected":false},"excerpt":{"rendered":"<p>1.\u00a0\u00a0 Elements i etiquetes L\u2019HTML \u00e9s un llenguatge de marques compost per un conjunt d&#8217;elements que s\u00f3n la base de la seva estructura. Aquests elements conformen una caixa d&#8217;eines que els autors poden utilitzar per donar forma als seus documents. Per exemple, pots trobar elements que insereixen par\u00e0grafs, v\u00eddeos o altres documents, o elements que &hellip; <\/p>\n<p class=\"link-more\"><a href=\"https:\/\/tutorial.bernatcortina.cat\/index.php\/html\/etiquetes-i-atributs\/\" class=\"more-link\">Continua llegint <span class=\"screen-reader-text\">\u00abEtiquetes i atributs\u00bb<\/span><\/a><\/p>\n","protected":false},"author":1,"featured_media":0,"parent":65,"menu_order":2,"comment_status":"closed","ping_status":"closed","template":"","meta":{"_monsterinsights_skip_tracking":false,"_monsterinsights_sitenote_active":false,"_monsterinsights_sitenote_note":"","_monsterinsights_sitenote_category":0,"footnotes":""},"class_list":["post-129","page","type-page","status-publish","hentry"],"yoast_head":"<!-- This site is optimized with the Yoast SEO plugin v25.5 - https:\/\/yoast.com\/wordpress\/plugins\/seo\/ -->\n<title>Etiquetes i atributs | HTML &amp; CSS<\/title>\n<meta name=\"robots\" content=\"index, follow, max-snippet:-1, max-image-preview:large, max-video-preview:-1\" \/>\n<link rel=\"canonical\" href=\"https:\/\/tutorial.bernatcortina.cat\/index.php\/html\/etiquetes-i-atributs\/\" \/>\n<meta property=\"og:locale\" content=\"ca_ES\" \/>\n<meta property=\"og:type\" content=\"article\" \/>\n<meta property=\"og:title\" content=\"Etiquetes i atributs | HTML &amp; CSS\" \/>\n<meta property=\"og:description\" content=\"1.\u00a0\u00a0 Elements i etiquetes L\u2019HTML \u00e9s un llenguatge de marques compost per un conjunt d&#8217;elements que s\u00f3n la base de la seva estructura. Aquests elements conformen una caixa d&#8217;eines que els autors poden utilitzar per donar forma als seus documents. Per exemple, pots trobar elements que insereixen par\u00e0grafs, v\u00eddeos o altres documents, o elements que &hellip; Continua llegint \u00abEtiquetes i atributs\u00bb\" \/>\n<meta property=\"og:url\" content=\"https:\/\/tutorial.bernatcortina.cat\/index.php\/html\/etiquetes-i-atributs\/\" \/>\n<meta property=\"og:site_name\" content=\"HTML &amp; CSS\" \/>\n<meta property=\"article:publisher\" content=\"https:\/\/www.facebook.com\/bernatcortina\" \/>\n<meta property=\"og:image\" content=\"http:\/\/tutorial.bernatcortina.cat\/wp-content\/uploads\/2019\/01\/Imagen-1-1.png\" \/>\n<meta name=\"twitter:card\" content=\"summary_large_image\" \/>\n<meta name=\"twitter:site\" content=\"@bernatcortina\" \/>\n<meta name=\"twitter:label1\" content=\"Temps estimat de lectura\" \/>\n\t<meta name=\"twitter:data1\" content=\"6 minuts\" \/>\n<script type=\"application\/ld+json\" class=\"yoast-schema-graph\">{\"@context\":\"https:\/\/schema.org\",\"@graph\":[{\"@type\":\"WebPage\",\"@id\":\"https:\/\/tutorial.bernatcortina.cat\/index.php\/html\/etiquetes-i-atributs\/\",\"url\":\"https:\/\/tutorial.bernatcortina.cat\/index.php\/html\/etiquetes-i-atributs\/\",\"name\":\"Etiquetes i atributs | HTML &amp; CSS\",\"isPartOf\":{\"@id\":\"https:\/\/tutorial.bernatcortina.cat\/#website\"},\"primaryImageOfPage\":{\"@id\":\"https:\/\/tutorial.bernatcortina.cat\/index.php\/html\/etiquetes-i-atributs\/#primaryimage\"},\"image\":{\"@id\":\"https:\/\/tutorial.bernatcortina.cat\/index.php\/html\/etiquetes-i-atributs\/#primaryimage\"},\"thumbnailUrl\":\"http:\/\/tutorial.bernatcortina.cat\/wp-content\/uploads\/2019\/01\/Imagen-1-1.png\",\"datePublished\":\"2019-01-16T17:42:14+00:00\",\"breadcrumb\":{\"@id\":\"https:\/\/tutorial.bernatcortina.cat\/index.php\/html\/etiquetes-i-atributs\/#breadcrumb\"},\"inLanguage\":\"ca\",\"potentialAction\":[{\"@type\":\"ReadAction\",\"target\":[\"https:\/\/tutorial.bernatcortina.cat\/index.php\/html\/etiquetes-i-atributs\/\"]}]},{\"@type\":\"ImageObject\",\"inLanguage\":\"ca\",\"@id\":\"https:\/\/tutorial.bernatcortina.cat\/index.php\/html\/etiquetes-i-atributs\/#primaryimage\",\"url\":\"http:\/\/tutorial.bernatcortina.cat\/wp-content\/uploads\/2019\/01\/Imagen-1-1.png\",\"contentUrl\":\"http:\/\/tutorial.bernatcortina.cat\/wp-content\/uploads\/2019\/01\/Imagen-1-1.png\"},{\"@type\":\"BreadcrumbList\",\"@id\":\"https:\/\/tutorial.bernatcortina.cat\/index.php\/html\/etiquetes-i-atributs\/#breadcrumb\",\"itemListElement\":[{\"@type\":\"ListItem\",\"position\":1,\"name\":\"Inici\",\"item\":\"https:\/\/tutorial.bernatcortina.cat\/\"},{\"@type\":\"ListItem\",\"position\":2,\"name\":\"HTML\",\"item\":\"https:\/\/tutorial.bernatcortina.cat\/index.php\/html\/\"},{\"@type\":\"ListItem\",\"position\":3,\"name\":\"Etiquetes i atributs\"}]},{\"@type\":\"WebSite\",\"@id\":\"https:\/\/tutorial.bernatcortina.cat\/#website\",\"url\":\"https:\/\/tutorial.bernatcortina.cat\/\",\"name\":\"HTML &amp; CSS\",\"description\":\"Fonaments d&#039;HTML i full d&#039;estils\",\"potentialAction\":[{\"@type\":\"SearchAction\",\"target\":{\"@type\":\"EntryPoint\",\"urlTemplate\":\"https:\/\/tutorial.bernatcortina.cat\/?s={search_term_string}\"},\"query-input\":{\"@type\":\"PropertyValueSpecification\",\"valueRequired\":true,\"valueName\":\"search_term_string\"}}],\"inLanguage\":\"ca\"}]}<\/script>\n<!-- \/ Yoast SEO plugin. -->","yoast_head_json":{"title":"Etiquetes i atributs | HTML &amp; CSS","robots":{"index":"index","follow":"follow","max-snippet":"max-snippet:-1","max-image-preview":"max-image-preview:large","max-video-preview":"max-video-preview:-1"},"canonical":"https:\/\/tutorial.bernatcortina.cat\/index.php\/html\/etiquetes-i-atributs\/","og_locale":"ca_ES","og_type":"article","og_title":"Etiquetes i atributs | HTML &amp; CSS","og_description":"1.\u00a0\u00a0 Elements i etiquetes L\u2019HTML \u00e9s un llenguatge de marques compost per un conjunt d&#8217;elements que s\u00f3n la base de la seva estructura. Aquests elements conformen una caixa d&#8217;eines que els autors poden utilitzar per donar forma als seus documents. Per exemple, pots trobar elements que insereixen par\u00e0grafs, v\u00eddeos o altres documents, o elements que &hellip; Continua llegint \u00abEtiquetes i atributs\u00bb","og_url":"https:\/\/tutorial.bernatcortina.cat\/index.php\/html\/etiquetes-i-atributs\/","og_site_name":"HTML &amp; CSS","article_publisher":"https:\/\/www.facebook.com\/bernatcortina","og_image":[{"url":"http:\/\/tutorial.bernatcortina.cat\/wp-content\/uploads\/2019\/01\/Imagen-1-1.png","type":"","width":"","height":""}],"twitter_card":"summary_large_image","twitter_site":"@bernatcortina","twitter_misc":{"Temps estimat de lectura":"6 minuts"},"schema":{"@context":"https:\/\/schema.org","@graph":[{"@type":"WebPage","@id":"https:\/\/tutorial.bernatcortina.cat\/index.php\/html\/etiquetes-i-atributs\/","url":"https:\/\/tutorial.bernatcortina.cat\/index.php\/html\/etiquetes-i-atributs\/","name":"Etiquetes i atributs | HTML &amp; CSS","isPartOf":{"@id":"https:\/\/tutorial.bernatcortina.cat\/#website"},"primaryImageOfPage":{"@id":"https:\/\/tutorial.bernatcortina.cat\/index.php\/html\/etiquetes-i-atributs\/#primaryimage"},"image":{"@id":"https:\/\/tutorial.bernatcortina.cat\/index.php\/html\/etiquetes-i-atributs\/#primaryimage"},"thumbnailUrl":"http:\/\/tutorial.bernatcortina.cat\/wp-content\/uploads\/2019\/01\/Imagen-1-1.png","datePublished":"2019-01-16T17:42:14+00:00","breadcrumb":{"@id":"https:\/\/tutorial.bernatcortina.cat\/index.php\/html\/etiquetes-i-atributs\/#breadcrumb"},"inLanguage":"ca","potentialAction":[{"@type":"ReadAction","target":["https:\/\/tutorial.bernatcortina.cat\/index.php\/html\/etiquetes-i-atributs\/"]}]},{"@type":"ImageObject","inLanguage":"ca","@id":"https:\/\/tutorial.bernatcortina.cat\/index.php\/html\/etiquetes-i-atributs\/#primaryimage","url":"http:\/\/tutorial.bernatcortina.cat\/wp-content\/uploads\/2019\/01\/Imagen-1-1.png","contentUrl":"http:\/\/tutorial.bernatcortina.cat\/wp-content\/uploads\/2019\/01\/Imagen-1-1.png"},{"@type":"BreadcrumbList","@id":"https:\/\/tutorial.bernatcortina.cat\/index.php\/html\/etiquetes-i-atributs\/#breadcrumb","itemListElement":[{"@type":"ListItem","position":1,"name":"Inici","item":"https:\/\/tutorial.bernatcortina.cat\/"},{"@type":"ListItem","position":2,"name":"HTML","item":"https:\/\/tutorial.bernatcortina.cat\/index.php\/html\/"},{"@type":"ListItem","position":3,"name":"Etiquetes i atributs"}]},{"@type":"WebSite","@id":"https:\/\/tutorial.bernatcortina.cat\/#website","url":"https:\/\/tutorial.bernatcortina.cat\/","name":"HTML &amp; CSS","description":"Fonaments d&#039;HTML i full d&#039;estils","potentialAction":[{"@type":"SearchAction","target":{"@type":"EntryPoint","urlTemplate":"https:\/\/tutorial.bernatcortina.cat\/?s={search_term_string}"},"query-input":{"@type":"PropertyValueSpecification","valueRequired":true,"valueName":"search_term_string"}}],"inLanguage":"ca"}]}},"_links":{"self":[{"href":"https:\/\/tutorial.bernatcortina.cat\/index.php\/wp-json\/wp\/v2\/pages\/129","targetHints":{"allow":["GET"]}}],"collection":[{"href":"https:\/\/tutorial.bernatcortina.cat\/index.php\/wp-json\/wp\/v2\/pages"}],"about":[{"href":"https:\/\/tutorial.bernatcortina.cat\/index.php\/wp-json\/wp\/v2\/types\/page"}],"author":[{"embeddable":true,"href":"https:\/\/tutorial.bernatcortina.cat\/index.php\/wp-json\/wp\/v2\/users\/1"}],"replies":[{"embeddable":true,"href":"https:\/\/tutorial.bernatcortina.cat\/index.php\/wp-json\/wp\/v2\/comments?post=129"}],"version-history":[{"count":0,"href":"https:\/\/tutorial.bernatcortina.cat\/index.php\/wp-json\/wp\/v2\/pages\/129\/revisions"}],"up":[{"embeddable":true,"href":"https:\/\/tutorial.bernatcortina.cat\/index.php\/wp-json\/wp\/v2\/pages\/65"}],"wp:attachment":[{"href":"https:\/\/tutorial.bernatcortina.cat\/index.php\/wp-json\/wp\/v2\/media?parent=129"}],"curies":[{"name":"wp","href":"https:\/\/api.w.org\/{rel}","templated":true}]}}